{"id":1438,"date":"2022-09-05T15:14:04","date_gmt":"2022-09-05T13:14:04","guid":{"rendered":"https:\/\/centrumrysunku.pl\/?page_id=1438"},"modified":"2025-08-03T16:03:48","modified_gmt":"2025-08-03T14:03:48","slug":"polityka-prywatnosci","status":"publish","type":"page","link":"https:\/\/centrumrysunku.pl\/index.php\/polityka-prywatnosci\/","title":{"rendered":"Polityka Prywatno\u015bci"},"content":{"rendered":"\t\t<div data-elementor-type=\"wp-page\" data-elementor-id=\"1438\" class=\"elementor elementor-1438\">\n\t\t\t\t\t\t\t\t\t<section class=\"elementor-section elementor-top-section elementor-element elementor-element-6559902 elementor-section-boxed elementor-section-height-default elementor-section-height-default\" data-id=\"6559902\" data-element_type=\"section\">\n\t\t\t\t\t\t<div class=\"elementor-container elementor-column-gap-default\">\n\t\t\t\t\t<div class=\"elementor-column elementor-col-100 elementor-top-column elementor-element elementor-element-c21310c\" data-id=\"c21310c\" data-element_type=\"column\">\n\t\t\t<div class=\"elementor-widget-wrap elementor-element-populated\">\n\t\t\t\t\t\t\t\t<div class=\"elementor-element elementor-element-1560a84 elementor-widget elementor-widget-button\" data-id=\"1560a84\" data-element_type=\"widget\" data-widget_type=\"button.default\">\n\t\t\t\t<div class=\"elementor-widget-container\">\n\t\t\t\t\t<div class=\"elementor-button-wrapper\">\n\t\t\t<a href=\"https:\/\/centrumrysunku.pl\" class=\"elementor-button-link elementor-button elementor-size-sm\" role=\"button\">\n\t\t\t\t\t\t<span class=\"elementor-button-content-wrapper\">\n\t\t\t\t\t\t<span class=\"elementor-button-text\">Powr\u00f3t na Stron\u0119 G\u0142\u00f3wn\u0105<\/span>\n\t\t<\/span>\n\t\t\t\t\t<\/a>\n\t\t<\/div>\n\t\t\t\t<\/div>\n\t\t\t\t<\/div>\n\t\t\t\t<div class=\"elementor-element elementor-element-4dbdb67 elementor-widget elementor-widget-text-editor\" data-id=\"4dbdb67\" data-element_type=\"widget\" data-widget_type=\"text-editor.default\">\n\t\t\t\t<div class=\"elementor-widget-container\">\n\t\t\t<style>\/*! elementor - v3.7.2 - 21-08-2022 *\/\n.elementor-widget-text-editor.elementor-drop-cap-view-stacked .elementor-drop-cap{background-color:#818a91;color:#fff}.elementor-widget-text-editor.elementor-drop-cap-view-framed .elementor-drop-cap{color:#818a91;border:3px solid;background-color:transparent}.elementor-widget-text-editor:not(.elementor-drop-cap-view-default) .elementor-drop-cap{margin-top:8px}.elementor-widget-text-editor:not(.elementor-drop-cap-view-default) .elementor-drop-cap-letter{width:1em;height:1em}.elementor-widget-text-editor .elementor-drop-cap{float:left;text-align:center;line-height:1;font-size:50px}.elementor-widget-text-editor .elementor-drop-cap-letter{display:inline-block}<\/style>\t\t\t\t<p><b>Polityka Prywatno\u015bci Centrum Rysunku Sp\u00f3\u0142ka z ograniczon\u0105 odpowiedzialno\u015bci\u0105<\/b><\/p><p>Obowi\u0105zuje od 4 sierpnia 2025 roku.<\/p><p><strong><span style=\"font-size: 16px; -webkit-text-size-adjust: 100%;\">\u00a7 1. Postanowienia og\u00f3lne<\/span><\/strong><\/p><ol><li>Niniejszy dokument okre\u015bla zasady przetwarzania danych osobowych oraz stosowania plik\u00f3w cookies i innych technologii \u015bledz\u0105cych przez Centrum Rysunku Sp\u00f3\u0142ka z ograniczon\u0105 odpowiedzialno\u015bci\u0105 z siedzib\u0105 w Warszawie (01-378), ul. Po\u0142czy\u0144ska 4 lok. B01, wpisan\u0105 do rejestru przedsi\u0119biorc\u00f3w KRS: 0001034459, NIP: 5223259393, REGON: 525395526 \u2013 zwan\u0105 dalej \u201eAdministratorem\u201d.<\/li><li>Administrator przetwarza dane osobowe w zgodzie z:<ul><li>Rozporz\u0105dzeniem Parlamentu Europejskiego i Rady (UE) 2016\/679 (RODO),<\/li><li>ustaw\u0105 z dnia 10 maja 2018 r. o ochronie danych osobowych,<\/li><li>ustaw\u0105 z dnia 18 lipca 2002 r. o \u015bwiadczeniu us\u0142ug drog\u0105 elektroniczn\u0105,<\/li><li>ustaw\u0105 z dnia 16 lipca 2004 r. \u2013 Prawo telekomunikacyjne.<\/li><\/ul><\/li><li>Kontakt z Administratorem mo\u017cliwy jest pod adresem e-mail: centrumrysunku@gmail.com lub telefonicznie: +48 793 266 688.<\/li><\/ol><p><strong>\u00a7 2. Cele, zakres i podstawy prawne przetwarzania danych<\/strong><\/p><ol><li>Administrator przetwarza dane osobowe w okre\u015blonych celach i na podstawie odpowiednich przepis\u00f3w prawa, jak wskazano w poni\u017cszej tabeli:<\/li><\/ol><table cellspacing=\"0\" cellpadding=\"0\"><tbody><tr><td valign=\"middle\"><p>Cel przetwarzania danych<\/p><\/td><td valign=\"middle\"><p>Zakres danych<\/p><\/td><td valign=\"middle\"><p>Podstawa prawna<\/p><\/td><\/tr><tr><td valign=\"middle\"><p>Zawarcie i realizacja umowy o uczestnictwo w zaj\u0119ciach<\/p><\/td><td valign=\"middle\"><p>Imi\u0119, nazwisko, telefon, e-mail, adres, dane Uczestnika<\/p><\/td><td valign=\"middle\"><p>art. 6 ust. 1 lit. b RODO<\/p><\/td><\/tr><tr><td valign=\"middle\"><p>Obs\u0142uga formularza kontaktowego, zapyta\u0144 i zapis\u00f3w<\/p><\/td><td valign=\"middle\"><p>Dane kontaktowe, tre\u015b\u0107 zapytania<\/p><\/td><td valign=\"middle\"><p>art. 6 ust. 1 lit. b i f RODO<\/p><\/td><\/tr><tr><td valign=\"middle\"><p>Prowadzenie dzia\u0142a\u0144 marketingowych (newsletter, SMS, reklamy)<\/p><\/td><td valign=\"middle\"><p>Imi\u0119, e-mail, telefon, historia us\u0142ug<\/p><\/td><td valign=\"middle\"><p>art. 6 ust. 1 lit. a i f RODO<\/p><\/td><\/tr><tr><td valign=\"middle\"><p>Zapewnienie bezpiecze\u0144stwa uczestnik\u00f3w zaj\u0119\u0107<\/p><\/td><td valign=\"middle\"><p>Dane zdrowotne, alergie, przeciwwskazania<\/p><\/td><td valign=\"middle\"><p>art. 9 ust. 2 lit. a i c RODO<\/p><\/td><\/tr><tr><td valign=\"middle\"><p>Realizacja obowi\u0105zk\u00f3w podatkowych, rachunkowych i prawnych<\/p><\/td><td valign=\"middle\"><p>Dane identyfikacyjne, adresowe, finansowe<\/p><\/td><td valign=\"middle\"><p>art. 6 ust. 1 lit. c RODO<\/p><\/td><\/tr><tr><td valign=\"middle\"><p>Rekrutacja, zatrudnienie lub wsp\u00f3\u0142praca<\/p><\/td><td valign=\"middle\"><p>Dane osobowe pracownik\u00f3w, zleceniobiorc\u00f3w<\/p><\/td><td valign=\"middle\"><p>art. 6 ust. 1 lit. b i c RODO<\/p><\/td><\/tr><\/tbody><\/table><ol><li>W przypadku uczestnictwa dzieci w zaj\u0119ciach, przetwarzane s\u0105 dane ich oraz ich opiekun\u00f3w prawnych \u2013 wy\u0142\u0105cznie w zakresie niezb\u0119dnym do \u015bwiadczenia us\u0142ugi.<\/li><\/ol><p><strong>\u00a7 3. Odbiorcy danych i podmioty przetwarzaj\u0105ce<\/strong><\/p><ol><li>Dane mog\u0105 by\u0107 przekazywane:<ul><li>pracownikom i wsp\u00f3\u0142pracownikom Administratora \u2013 w zakresie wykonywanych obowi\u0105zk\u00f3w,<\/li><li>podmiotom przetwarzaj\u0105cym dane na zlecenie Administratora (np. ksi\u0119gowo\u015b\u0107, dostawcy oprogramowania, hosting, SMS, mailing),<\/li><li>instytucjom uprawnionym do uzyskania danych na podstawie obowi\u0105zuj\u0105cych przepis\u00f3w (np. Urz\u0105d Skarbowy, ZUS, s\u0105dy, organy \u015bcigania).<\/li><\/ul><\/li><li>Administrator nie przekazuje danych do pa\u0144stw trzecich (poza EOG), za wyj\u0105tkiem sytuacji, gdy u\u017cytkownik korzysta z narz\u0119dzi zewn\u0119trznych, takich jak Google, Meta, TikTok \u2013 kt\u00f3re zapewniaj\u0105 odpowiedni poziom ochrony danych zgodnie z mechanizmami zgodno\u015bci RODO (np. standardowe klauzule umowne).<\/li><\/ol><p><strong>\u00a7 4. I<span style=\"font-size: 16px; -webkit-text-size-adjust: 100%;\">nformacja o plikach cookies<\/span><\/strong><\/p><ol><li><span style=\"font-size: 16px; -webkit-text-size-adjust: 100%;\">Strona internetowa Administratora korzysta z plik\u00f3w cookies oraz innych technologii \u015bledz\u0105cych. Szczeg\u00f3\u0142y ich dzia\u0142ania zawarte s\u0105 w \u00a710 niniejszej Polityki.<\/span><\/li><li><p>Korzystanie z witryny oznacza zgod\u0119 na stosowanie cookies zgodnie z ustawieniami przegl\u0105darki. U\u017cytkownik mo\u017ce zmieni\u0107 te ustawienia w dowolnym momencie.<\/p><\/li><\/ol><p><strong style=\"font-size: 16px; -webkit-text-size-adjust: 100%;\">\u00a7 5. Prawa os\u00f3b, kt\u00f3rych dane dotycz\u0105<\/strong><\/p><ol><li><p>Ka\u017cda osoba, kt\u00f3rej dane s\u0105 przetwarzane, ma prawo do:<\/p><ul><li>dost\u0119pu do swoich danych,<\/li><li>ich sprostowania i uzupe\u0142nienia,<\/li><li>usuni\u0119cia danych (\u201eprawo do bycia zapomnianym\u201d),<\/li><li>ograniczenia przetwarzania danych,<\/li><li>wniesienia sprzeciwu wobec przetwarzania danych,<\/li><li>przenoszenia danych do innego administratora,<\/li><li>cofni\u0119cia zgody na przetwarzanie danych (je\u015bli by\u0142a podstaw\u0105),<\/li><li>wniesienia skargi do Prezesa Urz\u0119du Ochrony Danych Osobowych (www.uodo.gov.pl).<\/li><\/ul><\/li><\/ol><p><strong>\u00a7 6. Okres przechowywania danych<\/strong><\/p><ol><li>Dane osobowe b\u0119d\u0105 przechowywane przez okres niezb\u0119dny do realizacji cel\u00f3w wskazanych w \u00a72, a w szczeg\u00f3lno\u015bci:<br \/><ul><li>do czasu zako\u0144czenia \u015bwiadczenia us\u0142ugi i up\u0142ywu okresu przedawnienia roszcze\u0144 (maks. 6 lat),<\/li><li>przez okres wymagany przepisami prawa (np. rachunkowo\u015b\u0107 \u2013 5 lat),<\/li><li>do czasu cofni\u0119cia zgody \u2013 w przypadku danych przetwarzanych na podstawie zgody.<\/li><\/ul><\/li><li>Administrator zapewnia usuwanie lub anonimizacj\u0119 danych, kt\u00f3rych dalsze przetwarzanie nie jest uzasadnione.<\/li><\/ol><p><strong>\u00a7 7. \u015arodki bezpiecze\u0144stwa<\/strong><\/p><ol><li>Administrator stosuje \u015brodki techniczne i organizacyjne odpowiednie do ryzyka, w szczeg\u00f3lno\u015bci:<br \/><ul><li>szyfrowanie transmisji (SSL),<\/li><li>kontrol\u0119 dost\u0119pu do danych,<\/li><li>polityki hase\u0142 i uprawnie\u0144,<\/li><li>regularne przegl\u0105dy zabezpiecze\u0144,<\/li><li>ograniczenie dost\u0119pu wy\u0142\u0105cznie do os\u00f3b upowa\u017cnionych.<\/li><\/ul><\/li><\/ol><p><strong>\u00a7 8. Dobrowolno\u015b\u0107 podania danych<\/strong><\/p><ol><li><p>Podanie danych jest dobrowolne, lecz niezb\u0119dne do skorzystania z us\u0142ug Administratora (udzia\u0142u w zaj\u0119ciach, zapis\u00f3w przez formularz, kontaktu). Brak podania danych mo\u017ce uniemo\u017cliwi\u0107 zawarcie umowy lub realizacj\u0119 us\u0142ugi.<\/p><\/li><\/ol><p><strong>\u00a7 9. Zmiany w Polityce Prywatno\u015bci<\/strong><\/p><ol><li>Administrator zastrzega sobie prawo do zmiany niniejszej Polityki, w szczeg\u00f3lno\u015bci w przypadku:<ul><li>zmiany przepis\u00f3w prawa,<\/li><li>zmiany zakresu us\u0142ug lub technologii wykorzystywanej w serwisie.<\/li><\/ul><\/li><li><span style=\"font-size: 16px; -webkit-text-size-adjust: 100%;\">Zmieniona wersja zostanie opublikowana na stronie internetowej w spos\u00f3b trwa\u0142y i widoczny.<\/span><\/li><\/ol><p><strong><span style=\"font-size: 16px; -webkit-text-size-adjust: 100%;\">\u00a7 10. Pliki cookies i technologie \u015bledz\u0105ce<\/span><\/strong><\/p><ol><li>Administrator stosuje na stronie internetowej pliki cookies oraz inne technologie \u015bledz\u0105ce w celu:<ul><li>zapewnienia prawid\u0142owego dzia\u0142ania witryny,<\/li><li>analizowania ruchu u\u017cytkownik\u00f3w (statystyki),<\/li><li>dopasowania tre\u015bci do preferencji u\u017cytkownika,<\/li><li>prowadzenia dzia\u0142a\u0144 marketingowych i remarketingowych<\/li><\/ul><\/li><li><span style=\"font-size: 16px; -webkit-text-size-adjust: 100%;\">W ramach serwisu mog\u0105 by\u0107 stosowane nast\u0119puj\u0105ce rodzaje plik\u00f3w cookies:<\/span><ul><li>techniczne (niezb\u0119dne) \u2013 konieczne do prawid\u0142owego funkcjonowania strony,<\/li><li>funkcjonalne \u2013 umo\u017cliwiaj\u0105ce zapami\u0119tanie wybranych ustawie\u0144,<\/li><li>analityczne \u2013 wykorzystywane do cel\u00f3w statystycznych,<\/li><li>marketingowe \u2013 s\u0142u\u017c\u0105ce do personalizacji tre\u015bci reklam.<\/li><\/ul><\/li><li><span style=\"font-size: 16px; -webkit-text-size-adjust: 100%;\">Administrator korzysta z us\u0142ug:<\/span><ul><li>Google LLC (Google Analytics, Google Ads),<\/li><li>Meta Platforms Ireland Ltd. (Facebook, Instagram),<\/li><li>TikTok Technology Ltd.<\/li><\/ul><\/li><li><span style=\"font-size: 16px; -webkit-text-size-adjust: 100%;\">Pliki cookies nie zawieraj\u0105 danych osobowych i nie umo\u017cliwiaj\u0105 identyfikacji u\u017cytkownika. Informacje zbierane za ich pomoc\u0105 s\u0105 przetwarzane anonimowo.<\/span><\/li><li><span style=\"font-size: 16px; -webkit-text-size-adjust: 100%;\">U\u017cytkownik mo\u017ce w ka\u017cdej chwili zmieni\u0107 ustawienia cookies w swojej przegl\u0105darce internetowej. Ograniczenie ich stosowania mo\u017ce wp\u0142yn\u0105\u0107 na dzia\u0142anie niekt\u00f3rych funkcjonalno\u015bci strony.<\/span><\/li><li><span style=\"font-size: 16px; -webkit-text-size-adjust: 100%;\">Przechowywanie cookies lub uzyskiwanie do nich dost\u0119pu nie powoduje zmian w urz\u0105dzeniu ko\u0144cowym ani w jego oprogramowaniu.<\/span><\/li><\/ol>\t\t\t\t\t\t<\/div>\n\t\t\t\t<\/div>\n\t\t\t\t\t<\/div>\n\t\t<\/div>\n\t\t\t\t\t\t\t<\/div>\n\t\t<\/section>\n\t\t\t\t\t\t\t<\/div>\n\t\t","protected":false},"excerpt":{"rendered":"<p>Powr\u00f3t na Stron\u0119 G\u0142\u00f3wn\u0105 Polityka Prywatno\u015bci Centrum Rysunku Sp\u00f3\u0142ka z ograniczon\u0105 odpowiedzialno\u015bci\u0105 Obowi\u0105zuje od 4 sierpnia 2025 roku. \u00a7 1. Postanowienia og\u00f3lne Niniejszy dokument okre\u015bla zasady przetwarzania danych osobowych oraz stosowania plik\u00f3w cookies i innych technologii \u015bledz\u0105cych przez Centrum Rysunku Sp\u00f3\u0142ka z ograniczon\u0105 odpowiedzialno\u015bci\u0105 z siedzib\u0105 w Warszawie (01-378), ul. Po\u0142czy\u0144ska 4 lok. B01, wpisan\u0105 &hellip;<\/p>\n<p class=\"read-more\"> <a class=\"\" href=\"https:\/\/centrumrysunku.pl\/index.php\/polityka-prywatnosci\/\"> <span class=\"screen-reader-text\">Polityka Prywatno\u015bci<\/span> Read More &raquo;<\/a><\/p>\n","protected":false},"author":1,"featured_media":0,"parent":0,"menu_order":0,"comment_status":"closed","ping_status":"closed","template":"","meta":{"site-sidebar-layout":"no-sidebar","site-content-layout":"page-builder","ast-global-header-display":"","ast-banner-title-visibility":"","ast-main-header-display":"disabled","ast-hfb-above-header-display":"","ast-hfb-below-header-display":"","ast-hfb-mobile-header-display":"","site-post-title":"disabled","ast-breadcrumbs-content":"","ast-featured-img":"disabled","footer-sml-layout":"","theme-transparent-header-meta":"","adv-header-id-meta":"","stick-header-meta":"","header-above-stick-meta":"","header-main-stick-meta":"","header-below-stick-meta":"","footnotes":""},"class_list":["post-1438","page","type-page","status-publish","hentry"],"_links":{"self":[{"href":"https:\/\/centrumrysunku.pl\/index.php\/wp-json\/wp\/v2\/pages\/1438","targetHints":{"allow":["GET"]}}],"collection":[{"href":"https:\/\/centrumrysunku.pl\/index.php\/wp-json\/wp\/v2\/pages"}],"about":[{"href":"https:\/\/centrumrysunku.pl\/index.php\/wp-json\/wp\/v2\/types\/page"}],"author":[{"embeddable":true,"href":"https:\/\/centrumrysunku.pl\/index.php\/wp-json\/wp\/v2\/users\/1"}],"replies":[{"embeddable":true,"href":"https:\/\/centrumrysunku.pl\/index.php\/wp-json\/wp\/v2\/comments?post=1438"}],"version-history":[{"count":72,"href":"https:\/\/centrumrysunku.pl\/index.php\/wp-json\/wp\/v2\/pages\/1438\/revisions"}],"predecessor-version":[{"id":2891,"href":"https:\/\/centrumrysunku.pl\/index.php\/wp-json\/wp\/v2\/pages\/1438\/revisions\/2891"}],"wp:attachment":[{"href":"https:\/\/centrumrysunku.pl\/index.php\/wp-json\/wp\/v2\/media?parent=1438"}],"curies":[{"name":"wp","href":"https:\/\/api.w.org\/{rel}","templated":true}]}}